{"id":5258,"date":"2020-02-27T12:06:08","date_gmt":"2020-02-27T09:06:08","guid":{"rendered":"https:\/\/aromaterapija.lt\/musu-filosofija\/"},"modified":"2020-02-27T19:29:24","modified_gmt":"2020-02-27T21:29:24","slug":"our-philosophy","status":"publish","type":"page","link":"https:\/\/aromaterapija.lt\/en\/our-philosophy\/","title":{"rendered":"Our philosophy"},"content":{"rendered":"\n<h3 class=\"wp-block-heading\">Auk\u0161ta kokyb\u0117<\/h3>\n\n\n\n<p>Aromaterapin\u0117s aliejin\u0117s kosmetikos preparat\u0173 gamybai firma naudoja tik sertifikuot\u0105 gamtin\u0119 \u017ealiav\u0105, neturin\u010di\u0105 joki\u0173 geneti\u0161kai modifikuot\u0173 organizm\u0173 (GMO). Nei viename i\u0161 preparat\u0173 J\u016bs nerasite absoliu\u010diai bereik\u0161mi\u0173 odai mineralini\u0173 alyv\u0173. \u010cia visada naudojami tik auk\u0161\u010diausios kokyb\u0117s augaliniai ir eteriniai aliejai bei kiti gamtiniai komponentai. Be to, ir technologiniai procesai, naudojami gamyboje, maksimaliai i\u0161saugo naudingus elementus, esan\u010dius \u017ealiavoje. \u012emon\u0117s \u201eCosmetics ATOK International s.r.o.\u201c produkcijos kokyb\u0117s lyg\u012f patvirtina ir <strong>ISO 9001:2008<\/strong> sertifikatas, kur\u012f gamintojas gavo 2010 metais.<\/p>\n\n\n\n<h3 class=\"wp-block-heading\">Produkcijos \u0161vie\u017eumas<\/h3>\n\n\n\n<p>Kadangi daugumos preparat\u0173 sud\u0117tyje yra 100%, arba beveik 100% gamtini\u0173 komponent\u0173, tai ir j\u0173 sunaudojimo laikas yra palyginti trumpas. Tod\u0117l firma \u0161iuos kosmetikos produktus pradeda gaminti tik gavusi u\u017esakym\u0105 i\u0161 J\u016bs\u0173, tuo garantuodama absoliut\u0173 j\u0173 \u0161vie\u017eum\u0105. Tik atskirais atvejais, kai kuriuose produktuose panaudojamas minimalus kiekis papildom\u0173 apsaugini\u0173 komponent\u0173 &#8211; emulgatori\u0173 ir gamtini\u0173 konservant\u0173. Kaip \u017einome, tai pagrinde lie\u010dia tik kremus, kurie be emulgacijos netur\u0117t\u0173 kremin\u0117s substancijos, o be konservant\u0173, jie per kelias dienas apsikr\u0117st\u0173 \u012fvairiais mikroorganizmais.<\/p>\n\n\n\n<h3 class=\"wp-block-heading\">Profesionalumas<\/h3>\n\n\n\n<p>Firmos \u201eCosmetics ATOK International s.r.o.\u201c produkcijos J\u016bs nerasite \u012fprastose parduotuv\u0117se. J\u0105 pristato tik gerai paruo\u0161ti profesionalai &#8211; kosmetologai, masa\u017eistai, gydytojai, kurort\u0173, reabilitacijos ir sveikatingumo centr\u0173, vaistini\u0173 darbuotojai. \u0160iandien\u0105 su firma \u010cekijoje bendradarbiauja per 5700 specialist\u0173 ir organizacij\u0173, Lietuvoje &#8211; per 1300.<\/p>\n\n\n\n<h3 class=\"wp-block-heading\">Original ATOK salonas\u2013studija<\/h3>\n\n\n\n<p>Original ATOK auk\u0161tos kokyb\u0117s kosmetikos preparatus pristato profesionaliai paruo\u0161ti kosmetikos, masa\u017eo salon\u0173, reabilitacijos, sveikatingumo centr\u0173 ir kit\u0173 \u012fstaig\u0173 darbuotojai. \u012esigyjant \u0161ios kosmetikos priemones, jie &nbsp;pataria, kaip jomis teisingai &nbsp;naudotis. Tod\u0117l \u0161i\u0173 produkt\u0173 nerasite masin\u0117se pardavimo vietose. Lietuvoje \u0161ios produkcijos galite \u012fsigyti tiesiogiai UAB \u201eAromatum Cosmetic\u201c Kaune, B\u016bgos g. 21-1 arba j\u0105 u\u017esakyti &nbsp;el. pa\u0161tu info@aromaterapija.lt, t.: +370 37 221410, +370 37 324323, +370 699 49021 bei internetin\u0117je parduotuv\u0117je www.aromaterapija.lt\/shop\/, Apie salonus, kurie teikia paslaugas, vartodami Original ATOK produktus m\u016bs\u0173 \u0161alyje galite su\u017einoti internetiniame puslapyje &nbsp;www.aromaterapija.lt, skirsnyje \u201eKontaktai\u201c.<\/p>\n","protected":false},"excerpt":{"rendered":"<p>Auk\u0161ta kokyb\u0117 Aromaterapin\u0117s aliejin\u0117s kosmetikos preparat\u0173 gamybai firma naudoja tik sertifikuot\u0105 gamtin\u0119 \u017ealiav\u0105, neturin\u010di\u0105 joki\u0173 geneti\u0161kai modifikuot\u0173 organizm\u0173 (GMO). Nei viename i\u0161 preparat\u0173 J\u016bs nerasite absoliu\u010diai bereik\u0161mi\u0173 odai mineralini\u0173 alyv\u0173. \u010cia visada naudojami tik auk\u0161\u010diausios kokyb\u0117s augaliniai ir eteriniai aliejai bei kiti gamtiniai komponentai. Be to, ir technologiniai procesai, naudojami gamyboje, maksimaliai i\u0161saugo naudingus elementus, [&hellip;]<\/p>\n","protected":false},"author":1,"featured_media":0,"parent":0,"menu_order":0,"comment_status":"closed","ping_status":"closed","template":"","meta":{"_acf_changed":false,"footnotes":""},"class_list":["post-5258","page","type-page","status-publish","hentry"],"acf":[],"yoast_head":"<!-- This site is optimized with the Yoast SEO Premium plugin v24.0 (Yoast SEO v24.0) - https:\/\/yoast.com\/wordpress\/plugins\/seo\/ -->\n<title>Our philosophy - Aromatum Cosmetic<\/title>\n<meta name=\"robots\" content=\"index, follow, max-snippet:-1, max-image-preview:large, max-video-preview:-1\" \/>\n<link rel=\"canonical\" href=\"https:\/\/aromaterapija.lt\/musu-filosofija\/\" \/>\n<meta property=\"og:locale\" content=\"en_US\" \/>\n<meta property=\"og:type\" content=\"article\" \/>\n<meta property=\"og:title\" content=\"Our philosophy\" \/>\n<meta property=\"og:description\" content=\"Auk\u0161ta kokyb\u0117 Aromaterapin\u0117s aliejin\u0117s kosmetikos preparat\u0173 gamybai firma naudoja tik sertifikuot\u0105 gamtin\u0119 \u017ealiav\u0105, neturin\u010di\u0105 joki\u0173 geneti\u0161kai modifikuot\u0173 organizm\u0173 (GMO). Nei viename i\u0161 preparat\u0173 J\u016bs nerasite absoliu\u010diai bereik\u0161mi\u0173 odai mineralini\u0173 alyv\u0173. \u010cia visada naudojami tik auk\u0161\u010diausios kokyb\u0117s augaliniai ir eteriniai aliejai bei kiti gamtiniai komponentai. Be to, ir technologiniai procesai, naudojami gamyboje, maksimaliai i\u0161saugo naudingus elementus, [&hellip;]\" \/>\n<meta property=\"og:url\" content=\"https:\/\/aromaterapija.lt\/musu-filosofija\/\" \/>\n<meta property=\"og:site_name\" content=\"Aromatum Cosmetic\" \/>\n<meta property=\"article:publisher\" content=\"https:\/\/www.facebook.com\/aromatum\/\" \/>\n<meta property=\"article:modified_time\" content=\"2020-02-27T21:29:24+00:00\" \/>\n<meta name=\"twitter:card\" content=\"summary_large_image\" \/>\n<meta name=\"twitter:label1\" content=\"Est. reading time\" \/>\n\t<meta name=\"twitter:data1\" content=\"2 minutes\" \/>\n<script type=\"application\/ld+json\" class=\"yoast-schema-graph\">{\"@context\":\"https:\/\/schema.org\",\"@graph\":[{\"@type\":\"WebPage\",\"@id\":\"https:\/\/aromaterapija.lt\/musu-filosofija\/\",\"url\":\"https:\/\/aromaterapija.lt\/musu-filosofija\/\",\"name\":\"Our philosophy - Aromatum Cosmetic\",\"isPartOf\":{\"@id\":\"https:\/\/aromaterapija.lt\/#website\"},\"datePublished\":\"2020-02-27T09:06:08+00:00\",\"dateModified\":\"2020-02-27T21:29:24+00:00\",\"breadcrumb\":{\"@id\":\"https:\/\/aromaterapija.lt\/musu-filosofija\/#breadcrumb\"},\"inLanguage\":\"en-US\",\"potentialAction\":[{\"@type\":\"ReadAction\",\"target\":[\"https:\/\/aromaterapija.lt\/musu-filosofija\/\"]}]},{\"@type\":\"BreadcrumbList\",\"@id\":\"https:\/\/aromaterapija.lt\/musu-filosofija\/#breadcrumb\",\"itemListElement\":[{\"@type\":\"ListItem\",\"position\":1,\"name\":\"Home\",\"item\":\"https:\/\/aromaterapija.lt\/\"},{\"@type\":\"ListItem\",\"position\":2,\"name\":\"Our philosophy\"}]},{\"@type\":\"WebSite\",\"@id\":\"https:\/\/aromaterapija.lt\/#website\",\"url\":\"https:\/\/aromaterapija.lt\/\",\"name\":\"Aromatum Cosmetic\",\"description\":\"Pajuskite gamtos malon\u0119\",\"publisher\":{\"@id\":\"https:\/\/aromaterapija.lt\/#organization\"},\"potentialAction\":[{\"@type\":\"SearchAction\",\"target\":{\"@type\":\"EntryPoint\",\"urlTemplate\":\"https:\/\/aromaterapija.lt\/?s={search_term_string}\"},\"query-input\":{\"@type\":\"PropertyValueSpecification\",\"valueRequired\":true,\"valueName\":\"search_term_string\"}}],\"inLanguage\":\"en-US\"},{\"@type\":\"Organization\",\"@id\":\"https:\/\/aromaterapija.lt\/#organization\",\"name\":\"UAB Aromatum Cosmetic\",\"url\":\"https:\/\/aromaterapija.lt\/\",\"logo\":{\"@type\":\"ImageObject\",\"inLanguage\":\"en-US\",\"@id\":\"https:\/\/aromaterapija.lt\/#\/schema\/logo\/image\/\",\"url\":\"https:\/\/aromaterapija.lt\/wp-content\/uploads\/2020\/03\/aroma3.png\",\"contentUrl\":\"https:\/\/aromaterapija.lt\/wp-content\/uploads\/2020\/03\/aroma3.png\",\"width\":364,\"height\":76,\"caption\":\"UAB Aromatum Cosmetic\"},\"image\":{\"@id\":\"https:\/\/aromaterapija.lt\/#\/schema\/logo\/image\/\"},\"sameAs\":[\"https:\/\/www.facebook.com\/aromatum\/\"]}]}<\/script>\n<!-- \/ Yoast SEO Premium plugin. -->","yoast_head_json":{"title":"Our philosophy - Aromatum Cosmetic","robots":{"index":"index","follow":"follow","max-snippet":"max-snippet:-1","max-image-preview":"max-image-preview:large","max-video-preview":"max-video-preview:-1"},"canonical":"https:\/\/aromaterapija.lt\/musu-filosofija\/","og_locale":"en_US","og_type":"article","og_title":"Our philosophy","og_description":"Auk\u0161ta kokyb\u0117 Aromaterapin\u0117s aliejin\u0117s kosmetikos preparat\u0173 gamybai firma naudoja tik sertifikuot\u0105 gamtin\u0119 \u017ealiav\u0105, neturin\u010di\u0105 joki\u0173 geneti\u0161kai modifikuot\u0173 organizm\u0173 (GMO). Nei viename i\u0161 preparat\u0173 J\u016bs nerasite absoliu\u010diai bereik\u0161mi\u0173 odai mineralini\u0173 alyv\u0173. \u010cia visada naudojami tik auk\u0161\u010diausios kokyb\u0117s augaliniai ir eteriniai aliejai bei kiti gamtiniai komponentai. Be to, ir technologiniai procesai, naudojami gamyboje, maksimaliai i\u0161saugo naudingus elementus, [&hellip;]","og_url":"https:\/\/aromaterapija.lt\/musu-filosofija\/","og_site_name":"Aromatum Cosmetic","article_publisher":"https:\/\/www.facebook.com\/aromatum\/","article_modified_time":"2020-02-27T21:29:24+00:00","twitter_card":"summary_large_image","twitter_misc":{"Est. reading time":"2 minutes"},"schema":{"@context":"https:\/\/schema.org","@graph":[{"@type":"WebPage","@id":"https:\/\/aromaterapija.lt\/musu-filosofija\/","url":"https:\/\/aromaterapija.lt\/musu-filosofija\/","name":"Our philosophy - Aromatum Cosmetic","isPartOf":{"@id":"https:\/\/aromaterapija.lt\/#website"},"datePublished":"2020-02-27T09:06:08+00:00","dateModified":"2020-02-27T21:29:24+00:00","breadcrumb":{"@id":"https:\/\/aromaterapija.lt\/musu-filosofija\/#breadcrumb"},"inLanguage":"en-US","potentialAction":[{"@type":"ReadAction","target":["https:\/\/aromaterapija.lt\/musu-filosofija\/"]}]},{"@type":"BreadcrumbList","@id":"https:\/\/aromaterapija.lt\/musu-filosofija\/#breadcrumb","itemListElement":[{"@type":"ListItem","position":1,"name":"Home","item":"https:\/\/aromaterapija.lt\/"},{"@type":"ListItem","position":2,"name":"Our philosophy"}]},{"@type":"WebSite","@id":"https:\/\/aromaterapija.lt\/#website","url":"https:\/\/aromaterapija.lt\/","name":"Aromatum Cosmetic","description":"Pajuskite gamtos malon\u0119","publisher":{"@id":"https:\/\/aromaterapija.lt\/#organization"},"potentialAction":[{"@type":"SearchAction","target":{"@type":"EntryPoint","urlTemplate":"https:\/\/aromaterapija.lt\/?s={search_term_string}"},"query-input":{"@type":"PropertyValueSpecification","valueRequired":true,"valueName":"search_term_string"}}],"inLanguage":"en-US"},{"@type":"Organization","@id":"https:\/\/aromaterapija.lt\/#organization","name":"UAB Aromatum Cosmetic","url":"https:\/\/aromaterapija.lt\/","logo":{"@type":"ImageObject","inLanguage":"en-US","@id":"https:\/\/aromaterapija.lt\/#\/schema\/logo\/image\/","url":"https:\/\/aromaterapija.lt\/wp-content\/uploads\/2020\/03\/aroma3.png","contentUrl":"https:\/\/aromaterapija.lt\/wp-content\/uploads\/2020\/03\/aroma3.png","width":364,"height":76,"caption":"UAB Aromatum Cosmetic"},"image":{"@id":"https:\/\/aromaterapija.lt\/#\/schema\/logo\/image\/"},"sameAs":["https:\/\/www.facebook.com\/aromatum\/"]}]}},"_links":{"self":[{"href":"https:\/\/aromaterapija.lt\/en\/wp-json\/wp\/v2\/pages\/5258","targetHints":{"allow":["GET"]}}],"collection":[{"href":"https:\/\/aromaterapija.lt\/en\/wp-json\/wp\/v2\/pages"}],"about":[{"href":"https:\/\/aromaterapija.lt\/en\/wp-json\/wp\/v2\/types\/page"}],"author":[{"embeddable":true,"href":"https:\/\/aromaterapija.lt\/en\/wp-json\/wp\/v2\/users\/1"}],"replies":[{"embeddable":true,"href":"https:\/\/aromaterapija.lt\/en\/wp-json\/wp\/v2\/comments?post=5258"}],"version-history":[{"count":0,"href":"https:\/\/aromaterapija.lt\/en\/wp-json\/wp\/v2\/pages\/5258\/revisions"}],"wp:attachment":[{"href":"https:\/\/aromaterapija.lt\/en\/wp-json\/wp\/v2\/media?parent=5258"}],"curies":[{"name":"wp","href":"https:\/\/api.w.org\/{rel}","templated":true}]}}