{"id":34179,"date":"2024-12-06T15:15:47","date_gmt":"2024-12-06T12:15:47","guid":{"rendered":"https:\/\/aromaterapija.lt\/?post_type=product&#038;p=34179"},"modified":"2024-12-06T19:42:22","modified_gmt":"2024-12-06T16:42:22","slug":"pink-beauty-original-atok","status":"publish","type":"product","link":"https:\/\/aromaterapija.lt\/en\/prod\/pink-beauty-original-atok\/","title":{"rendered":"Pink Beauty"},"content":{"rendered":"\n<h3 class=\"wp-block-heading\" id=\"h-set-description\"><strong>Set Description<\/strong><\/h3>\n\n\n\n<p><br>This carefully selected trio of products \u2013 Rose Face Water, Rose Eye Cream, and Rejuvenating Rose Cream (Ple\u0165ov\u00e1 voda R\u016f\u017ee, O\u010dn\u00ed kr\u00e9m R\u016f\u017ee a Omlazuj\u00edc\u00ed kr\u00e9m R\u016f\u017ee) \u2013 provides nurturing care with the magic of damask roses. Each step gently soothes, hydrates, and imparts softness and vitality to the skin, helping to preserve fresh and youthful skin, reduce fine wrinkles, and enjoy a pleasant, feminine scent.<\/p>\n\n\n\n<h3 class=\"wp-block-heading\"><strong>Why Choose It<\/strong><\/h3>\n\n\n\n<p><br>\u2022 <strong>Unique properties and captivating fragrance<\/strong>: Each product in the Pink Beauty set contains unique anti-aging components. The valuable essential oil of damask roses, considered a gem of aromatherapy, adds a sense of luxury to skincare.<br>\u2022 <strong>A luxurious gift for confident and mature women<\/strong>: A perfect gift for a wife, mother, best friend, aunt, or sister.<\/p>\n\n\n\n<h3 class=\"wp-block-heading\"><strong>The Set Includes<\/strong><\/h3>\n\n\n\n<p><br>Rose Face Water (200 ml) \u2013 cleanses, tones, and refreshes the skin with damask rose.<\/p>\n\n\n\n<ul class=\"wp-block-list\">\n<li><strong>Ingredients: <\/strong>Aqua, Panthenol, Rosa Damascena Flower Oil, Gluconolactone, Sodium Benzoate, Calcium Gluconate, Citronellol*, Geranilol* (* a component of natural essential oils).<\/li>\n<\/ul>\n\n\n\n<p>Rose Eye Cream (15 ml) \u2013 a luxurious cream that helps reduce wrinkles around the eyes.<\/p>\n\n\n\n<ul class=\"wp-block-list\">\n<li><strong>Ingredients: <\/strong>Aqua, Prunus Amygdalus Dulcis Oil, Simmondsia Chinensis Seed Oil, Polyglyceryl-3-Polyricinoleate,Oenothera Biennis Oil, Squalan, Cera Alba, Panthenol, Caprylic\/Capric Triglyceride, Glycerin, C13-15 Alkane**, Isoamyl Laurate, Butyrospermum Parkii Butter, Magnesium Sulfate, Sorbitan Oleate,Tocopheryl Acetate, Tocopherol, Gluconolactone, Sodium Benzoate, Calcium Gluconate, Rosa Damascena Flower Oil, Potassium Sorbate, Sodium Citrate, Geraniol*, Eugenol*, Citronellol* (* a component of natural essential oils, **natural).<\/li>\n<\/ul>\n\n\n\n<p>Rejuvenating Rose Cream (50 ml) \u2013 a cream that brings softness and freshness to tired, sensitive skin.<\/p>\n\n\n\n<ul class=\"wp-block-list\">\n<li><strong>Ingredients: <\/strong>Aqua, Glycine Soja Oil, Cetearyl Alcohol, Glycerin, Triticum Vulgare Germ Oil, Butyrospermum Parkii Butter, Simmondsia Chinensis Seed Oil, Panthenol, Tocopheryl Acetate, Prunus Amygdalus Dulcis Oil, Sesamum Indicum Seed Oil, Sodium Cetearyl Sulfate, Sorbitan Caprylate, Propanediol**, Benzoic Acid, Sodium Benzoate, Potassium Sorbate, Rosa Damascena Flower Oil, Tocopherol, Allantoin, Citronellol*, Geraniol*, Citral*, Linalool* (* a component of natural essential oils, **natural).<\/li>\n<\/ul>\n\n\n\n<h3 class=\"wp-block-heading\"><strong>Suitable for<\/strong><\/h3>\n\n\n\n<p><br>\u2022 Morning and evening skincare rituals<br>\u2022 Comprehensive care for the face, neck, d\u00e9colletage, and eye area<br>\u2022 All skin types, especially dry, mature, and sensitive skin<\/p>\n\n\n\n<h3 class=\"wp-block-heading\"><strong>Note<\/strong><\/h3>\n\n\n\n<p>These products are also suitable for vegans.<\/p>\n\n\n\n<h3 class=\"wp-block-heading\"><strong>Attention<\/strong><\/h3>\n\n\n\n<p>The drug is intended for EXTERNAL USE only! Store in a safe, out of reach of children, in a dry place, away from heat sources, at a temperature of 6-25 \u00b0C.&nbsp;Protect from direct sunlight.<\/p>\n","protected":false},"excerpt":{"rendered":"<p>The Pink Ritual \u2013 gentle luxury and rejuvenating effects with every touch.<\/p>\n","protected":false},"featured_media":34216,"comment_status":"open","ping_status":"closed","template":"","meta":{"_acf_changed":false},"product_brand":[],"product_cat":[2770,2733,2735],"product_tag":[],"class_list":{"0":"post-34179","1":"product","2":"type-product","3":"status-publish","4":"has-post-thumbnail","6":"product_cat-news","7":"product_cat-others","8":"product_cat-cosmetic-sets","9":"pa_odos-tipas-sausa-en","10":"pa_odos-tipas-brandi-en","11":"pa_odos-tipas-problemine-en","12":"pa_odos-tipas-pavargusi-en","13":"pa_talpa-15-ml-en","14":"pa_talpa-200-ml-en","15":"pa_talpa-50-ml-en","17":"first","18":"outofstock","19":"taxable","20":"shipping-taxable","21":"purchasable","22":"product-type-simple"},"acf":[],"yoast_head":"<!-- This site is optimized with the Yoast SEO Premium plugin v24.0 (Yoast SEO v24.0) - https:\/\/yoast.com\/wordpress\/plugins\/seo\/ -->\n<title>Pink Beauty - Aromatum Cosmetic<\/title>\n<meta name=\"description\" content=\"The Pink Ritual \u2013 gentle luxury and rejuvenating effects with every touch.\" \/>\n<meta name=\"robots\" content=\"index, follow, max-snippet:-1, max-image-preview:large, max-video-preview:-1\" \/>\n<link rel=\"canonical\" href=\"https:\/\/aromaterapija.lt\/prod\/rozinis-grozis\/\" \/>\n<meta property=\"og:locale\" content=\"en_US\" \/>\n<meta property=\"og:type\" content=\"article\" \/>\n<meta property=\"og:title\" content=\"Pink Beauty\" \/>\n<meta property=\"og:description\" content=\"The Pink Ritual \u2013 gentle luxury and rejuvenating effects with every touch.\" \/>\n<meta property=\"og:url\" content=\"https:\/\/aromaterapija.lt\/prod\/rozinis-grozis\/\" \/>\n<meta property=\"og:site_name\" content=\"Aromatum Cosmetic\" \/>\n<meta property=\"article:publisher\" content=\"https:\/\/www.facebook.com\/aromatum\/\" \/>\n<meta property=\"article:modified_time\" content=\"2024-12-06T16:42:22+00:00\" \/>\n<meta property=\"og:image\" content=\"https:\/\/aromaterapija.lt\/wp-content\/uploads\/2024\/12\/B3009R.jpg\" \/>\n\t<meta property=\"og:image:width\" content=\"1600\" \/>\n\t<meta property=\"og:image:height\" content=\"1600\" \/>\n\t<meta property=\"og:image:type\" content=\"image\/jpeg\" \/>\n<meta name=\"twitter:card\" content=\"summary_large_image\" \/>\n<meta name=\"twitter:label1\" content=\"Price\" \/>\n\t<meta name=\"twitter:data1\" content=\"69.00&nbsp;&euro;\" \/>\n\t<meta name=\"twitter:label2\" content=\"Availability\" \/>\n\t<meta name=\"twitter:data2\" content=\"Out of stock\" \/>\n<script type=\"application\/ld+json\" class=\"yoast-schema-graph\">{\"@context\":\"https:\/\/schema.org\",\"@graph\":[{\"@type\":\"WebPage\",\"@id\":\"https:\/\/aromaterapija.lt\/prod\/rozinis-grozis\/\",\"url\":\"https:\/\/aromaterapija.lt\/prod\/rozinis-grozis\/\",\"name\":\"Pink Beauty - Aromatum Cosmetic\",\"isPartOf\":{\"@id\":\"https:\/\/aromaterapija.lt\/#website\"},\"primaryImageOfPage\":{\"@id\":\"https:\/\/aromaterapija.lt\/prod\/rozinis-grozis\/#primaryimage\"},\"image\":{\"@id\":\"https:\/\/aromaterapija.lt\/prod\/rozinis-grozis\/#primaryimage\"},\"thumbnailUrl\":\"https:\/\/aromaterapija.lt\/wp-content\/uploads\/2024\/12\/B3009R.jpg\",\"datePublished\":\"2024-12-06T12:15:47+00:00\",\"dateModified\":\"2024-12-06T16:42:22+00:00\",\"description\":\"The Pink Ritual \u2013 gentle luxury and rejuvenating effects with every touch.\",\"breadcrumb\":{\"@id\":\"https:\/\/aromaterapija.lt\/prod\/rozinis-grozis\/#breadcrumb\"},\"inLanguage\":\"en-US\",\"potentialAction\":[{\"@type\":\"ReadAction\",\"target\":[\"https:\/\/aromaterapija.lt\/prod\/rozinis-grozis\/\"]}]},{\"@type\":\"ImageObject\",\"inLanguage\":\"en-US\",\"@id\":\"https:\/\/aromaterapija.lt\/prod\/rozinis-grozis\/#primaryimage\",\"url\":\"https:\/\/aromaterapija.lt\/wp-content\/uploads\/2024\/12\/B3009R.jpg\",\"contentUrl\":\"https:\/\/aromaterapija.lt\/wp-content\/uploads\/2024\/12\/B3009R.jpg\",\"width\":1600,\"height\":1600},{\"@type\":\"BreadcrumbList\",\"@id\":\"https:\/\/aromaterapija.lt\/prod\/rozinis-grozis\/#breadcrumb\",\"itemListElement\":[{\"@type\":\"ListItem\",\"position\":1,\"name\":\"Home\",\"item\":\"https:\/\/aromaterapija.lt\/\"},{\"@type\":\"ListItem\",\"position\":2,\"name\":\"Shop\",\"item\":\"https:\/\/aromaterapija.lt\/en\/shop\/\"},{\"@type\":\"ListItem\",\"position\":3,\"name\":\"Pink Beauty\"}]},{\"@type\":\"WebSite\",\"@id\":\"https:\/\/aromaterapija.lt\/#website\",\"url\":\"https:\/\/aromaterapija.lt\/\",\"name\":\"Aromatum Cosmetic\",\"description\":\"Pajuskite gamtos malon\u0119\",\"publisher\":{\"@id\":\"https:\/\/aromaterapija.lt\/#organization\"},\"potentialAction\":[{\"@type\":\"SearchAction\",\"target\":{\"@type\":\"EntryPoint\",\"urlTemplate\":\"https:\/\/aromaterapija.lt\/?s={search_term_string}\"},\"query-input\":{\"@type\":\"PropertyValueSpecification\",\"valueRequired\":true,\"valueName\":\"search_term_string\"}}],\"inLanguage\":\"en-US\"},{\"@type\":\"Organization\",\"@id\":\"https:\/\/aromaterapija.lt\/#organization\",\"name\":\"UAB Aromatum Cosmetic\",\"url\":\"https:\/\/aromaterapija.lt\/\",\"logo\":{\"@type\":\"ImageObject\",\"inLanguage\":\"en-US\",\"@id\":\"https:\/\/aromaterapija.lt\/#\/schema\/logo\/image\/\",\"url\":\"https:\/\/aromaterapija.lt\/wp-content\/uploads\/2020\/03\/aroma3.png\",\"contentUrl\":\"https:\/\/aromaterapija.lt\/wp-content\/uploads\/2020\/03\/aroma3.png\",\"width\":364,\"height\":76,\"caption\":\"UAB Aromatum Cosmetic\"},\"image\":{\"@id\":\"https:\/\/aromaterapija.lt\/#\/schema\/logo\/image\/\"},\"sameAs\":[\"https:\/\/www.facebook.com\/aromatum\/\"]}]}<\/script>\n<meta property=\"product:price:amount\" content=\"69.00\" \/>\n<meta property=\"product:price:currency\" content=\"EUR\" \/>\n<meta property=\"og:availability\" content=\"out of stock\" \/>\n<meta property=\"product:availability\" content=\"out of stock\" \/>\n<meta property=\"product:retailer_item_id\" content=\"2705R\" \/>\n<meta property=\"product:condition\" content=\"new\" \/>\n<!-- \/ Yoast SEO Premium plugin. -->","yoast_head_json":{"title":"Pink Beauty - Aromatum Cosmetic","description":"The Pink Ritual \u2013 gentle luxury and rejuvenating effects with every touch.","robots":{"index":"index","follow":"follow","max-snippet":"max-snippet:-1","max-image-preview":"max-image-preview:large","max-video-preview":"max-video-preview:-1"},"canonical":"https:\/\/aromaterapija.lt\/prod\/rozinis-grozis\/","og_locale":"en_US","og_type":"article","og_title":"Pink Beauty","og_description":"The Pink Ritual \u2013 gentle luxury and rejuvenating effects with every touch.","og_url":"https:\/\/aromaterapija.lt\/prod\/rozinis-grozis\/","og_site_name":"Aromatum Cosmetic","article_publisher":"https:\/\/www.facebook.com\/aromatum\/","article_modified_time":"2024-12-06T16:42:22+00:00","og_image":[{"width":1600,"height":1600,"url":"https:\/\/aromaterapija.lt\/wp-content\/uploads\/2024\/12\/B3009R.jpg","type":"image\/jpeg"}],"twitter_card":"summary_large_image","twitter_misc":{"Price":"69.00&nbsp;&euro;","Availability":"Out of stock"},"schema":{"@context":"https:\/\/schema.org","@graph":[{"@type":"WebPage","@id":"https:\/\/aromaterapija.lt\/prod\/rozinis-grozis\/","url":"https:\/\/aromaterapija.lt\/prod\/rozinis-grozis\/","name":"Pink Beauty - Aromatum Cosmetic","isPartOf":{"@id":"https:\/\/aromaterapija.lt\/#website"},"primaryImageOfPage":{"@id":"https:\/\/aromaterapija.lt\/prod\/rozinis-grozis\/#primaryimage"},"image":{"@id":"https:\/\/aromaterapija.lt\/prod\/rozinis-grozis\/#primaryimage"},"thumbnailUrl":"https:\/\/aromaterapija.lt\/wp-content\/uploads\/2024\/12\/B3009R.jpg","datePublished":"2024-12-06T12:15:47+00:00","dateModified":"2024-12-06T16:42:22+00:00","description":"The Pink Ritual \u2013 gentle luxury and rejuvenating effects with every touch.","breadcrumb":{"@id":"https:\/\/aromaterapija.lt\/prod\/rozinis-grozis\/#breadcrumb"},"inLanguage":"en-US","potentialAction":[{"@type":"ReadAction","target":["https:\/\/aromaterapija.lt\/prod\/rozinis-grozis\/"]}]},{"@type":"ImageObject","inLanguage":"en-US","@id":"https:\/\/aromaterapija.lt\/prod\/rozinis-grozis\/#primaryimage","url":"https:\/\/aromaterapija.lt\/wp-content\/uploads\/2024\/12\/B3009R.jpg","contentUrl":"https:\/\/aromaterapija.lt\/wp-content\/uploads\/2024\/12\/B3009R.jpg","width":1600,"height":1600},{"@type":"BreadcrumbList","@id":"https:\/\/aromaterapija.lt\/prod\/rozinis-grozis\/#breadcrumb","itemListElement":[{"@type":"ListItem","position":1,"name":"Home","item":"https:\/\/aromaterapija.lt\/"},{"@type":"ListItem","position":2,"name":"Shop","item":"https:\/\/aromaterapija.lt\/en\/shop\/"},{"@type":"ListItem","position":3,"name":"Pink Beauty"}]},{"@type":"WebSite","@id":"https:\/\/aromaterapija.lt\/#website","url":"https:\/\/aromaterapija.lt\/","name":"Aromatum Cosmetic","description":"Pajuskite gamtos malon\u0119","publisher":{"@id":"https:\/\/aromaterapija.lt\/#organization"},"potentialAction":[{"@type":"SearchAction","target":{"@type":"EntryPoint","urlTemplate":"https:\/\/aromaterapija.lt\/?s={search_term_string}"},"query-input":{"@type":"PropertyValueSpecification","valueRequired":true,"valueName":"search_term_string"}}],"inLanguage":"en-US"},{"@type":"Organization","@id":"https:\/\/aromaterapija.lt\/#organization","name":"UAB Aromatum Cosmetic","url":"https:\/\/aromaterapija.lt\/","logo":{"@type":"ImageObject","inLanguage":"en-US","@id":"https:\/\/aromaterapija.lt\/#\/schema\/logo\/image\/","url":"https:\/\/aromaterapija.lt\/wp-content\/uploads\/2020\/03\/aroma3.png","contentUrl":"https:\/\/aromaterapija.lt\/wp-content\/uploads\/2020\/03\/aroma3.png","width":364,"height":76,"caption":"UAB Aromatum Cosmetic"},"image":{"@id":"https:\/\/aromaterapija.lt\/#\/schema\/logo\/image\/"},"sameAs":["https:\/\/www.facebook.com\/aromatum\/"]}]},"product_price_amount":"69.00","product_price_currency":"EUR","og_availability":"out of stock","product_availability":"out of stock","product_retailer_item_id":"2705R","product_condition":"new"},"_links":{"self":[{"href":"https:\/\/aromaterapija.lt\/en\/wp-json\/wp\/v2\/product\/34179","targetHints":{"allow":["GET"]}}],"collection":[{"href":"https:\/\/aromaterapija.lt\/en\/wp-json\/wp\/v2\/product"}],"about":[{"href":"https:\/\/aromaterapija.lt\/en\/wp-json\/wp\/v2\/types\/product"}],"replies":[{"embeddable":true,"href":"https:\/\/aromaterapija.lt\/en\/wp-json\/wp\/v2\/comments?post=34179"}],"wp:featuredmedia":[{"embeddable":true,"href":"https:\/\/aromaterapija.lt\/en\/wp-json\/wp\/v2\/media\/34216"}],"wp:attachment":[{"href":"https:\/\/aromaterapija.lt\/en\/wp-json\/wp\/v2\/media?parent=34179"}],"wp:term":[{"taxonomy":"product_brand","embeddable":true,"href":"https:\/\/aromaterapija.lt\/en\/wp-json\/wp\/v2\/product_brand?post=34179"},{"taxonomy":"product_cat","embeddable":true,"href":"https:\/\/aromaterapija.lt\/en\/wp-json\/wp\/v2\/product_cat?post=34179"},{"taxonomy":"product_tag","embeddable":true,"href":"https:\/\/aromaterapija.lt\/en\/wp-json\/wp\/v2\/product_tag?post=34179"}],"curies":[{"name":"wp","href":"https:\/\/api.w.org\/{rel}","templated":true}]}}