{"id":4447,"date":"2012-01-02T00:00:00","date_gmt":"2012-01-01T21:00:00","guid":{"rendered":"https:\/\/aromaterapija.lt\/produktas\/cinamonu-masazo-aliejus\/"},"modified":"2023-12-21T14:25:56","modified_gmt":"2023-12-21T11:25:56","slug":"massage-oil-cinnamon","status":"publish","type":"product","link":"https:\/\/aromaterapija.lt\/en\/prod\/massage-oil-cinnamon\/","title":{"rendered":"Massage Oil Cinnamon"},"content":{"rendered":"<h4>Characteristics<\/h4>\n<p>The massage oils application is more effective because by contrast to other preparations they do not contain water so they consist of 100% active substances. These bioactive substances have the ability to get deeper into skin tissue because of their low molecular weight, so they affect the blood flow, lymphatic system and positively influence the whole organism. This way the massage oils multiply the effectiveness of each massage. The massage oils are also appropriate preparations for daily skin treatment, not only for massage.<\/p>\n<h4>Recommendation<\/h4>\n<p>It supports warming, activates the skin, and deep tissue blood flow before sports or hard physical labour. It is approved for cellulite and detoxication treatment.<\/p>\n<h4>Effects<\/h4>\n<p>Warms the tissues, improves joint mobility, strengthens and regenerates muscles, contributes to lipid and water reduction in the tissues, and uses essential oils that are known for their ability to release spasms and muscular stress. It has an analgetic effect and promotes stamina.<\/p>\n<h4>Aroma<\/h4>\n<p>Distinctive, warm, cinnamon.<\/p>\n<h4><span lang=\"EN-US\">Main active substances<\/span><\/h4>\n<p>Plant oils \u2013 soya bean, almond, primrose, borage and jojoba, essential oils \u2013 rosemary, cinnamon and black pepper, vitamin E.<\/p>\n<h4>Ingredients<\/h4>\n<p>Glycine Soja Oil, Prunus Amygdalus Dulcis Oil, Rosmarinus Officinalis Oil, Simmondsia Chinensis Seed Oil, Tocopheryl Acetate, Borago Officinalis Seed Oil, Oenothera Biennis Oil, Cinnamomum Zeylanicum Leaf Oil, Piper Nigrum Fruit Oil, D-Limonene*, Cinnamal*, Linalool*, Eugenol*, Benzyl Alcohol*, Citral*\u00a0\u00a0<em>(*nat\u016brali\u0173 eterini\u0173 aliej\u0173 sudedamoji dalis<\/em>).<\/p>\n<h4>Use and application<\/h4>\n<p>They are meant for massage. Apply appropriate amount onto the skin and massage.<\/p>\n<h4><strong>Warning<\/strong><\/h4>\n<p><span style=\"color: #000000;\"><em>Do not use during pregnancy, when breastfeeding, or on young children, or if suffering from epilepsy or high blood pressure, hyperpiesia. Do not use before going to bed.<\/em><\/span><\/p>\n<h4>Attention<\/h4>\n<p>The drug is intended for EXTERNAL USE only! Store in a safe, out of reach of children, in a dry place, away from heat sources, at a temperature of 6-25 \u00b0C.\u00a0Protect from direct sunlight.\u00a0<strong>Shake well before use!<\/strong><\/p>\n","protected":false},"excerpt":{"rendered":"<p>Softens, regenerates and maintains the skin&#8217;s natural moisture balance. Its useful use in preparation for sports and before heavy physical exertion. Ideal for the care of skin damaged by cellulite.<\/p>\n","protected":false},"featured_media":31298,"comment_status":"open","ping_status":"closed","template":"","meta":{"_acf_changed":false},"product_brand":[],"product_cat":[2730,2740],"product_tag":[],"class_list":{"0":"post-4447","1":"product","2":"type-product","3":"status-publish","4":"has-post-thumbnail","6":"product_cat-massage-products","7":"product_cat-body-massage-oils","8":"pa_odos-tipas-visu-tipu-en","9":"pa_odos-tipas-linkusi-i-celiulita-en","10":"pa_talpa-100-ml-en","12":"first","13":"instock","14":"taxable","15":"shipping-taxable","16":"purchasable","17":"product-type-simple"},"acf":[],"yoast_head":"<!-- This site is optimized with the Yoast SEO Premium plugin v24.0 (Yoast SEO v24.0) - https:\/\/yoast.com\/wordpress\/plugins\/seo\/ -->\n<title>Massage Oil Cinnamon<\/title>\n<meta name=\"description\" content=\"Softens, regenerates and maintains the skin&#039;s natural moisture balance. Its useful use in preparation for sports and before heavy physical exertion. Ideal for the care of skin damaged by cellulite.\" \/>\n<meta name=\"robots\" content=\"index, follow, max-snippet:-1, max-image-preview:large, max-video-preview:-1\" \/>\n<link rel=\"canonical\" href=\"https:\/\/aromaterapija.lt\/prod\/cinamonu-masazo-aliejus\/\" \/>\n<meta property=\"og:locale\" content=\"en_US\" \/>\n<meta property=\"og:type\" content=\"article\" \/>\n<meta property=\"og:title\" content=\"Massage Oil Cinnamon\" \/>\n<meta property=\"og:description\" content=\"Softens, regenerates and maintains the skin&#039;s natural moisture balance. Its useful use in preparation for sports and before heavy physical exertion. Ideal for the care of skin damaged by cellulite.\" \/>\n<meta property=\"og:url\" content=\"https:\/\/aromaterapija.lt\/prod\/cinamonu-masazo-aliejus\/\" \/>\n<meta property=\"og:site_name\" content=\"Aromatum Cosmetic\" \/>\n<meta property=\"article:publisher\" content=\"https:\/\/www.facebook.com\/aromatum\/\" \/>\n<meta property=\"article:modified_time\" content=\"2023-12-21T11:25:56+00:00\" \/>\n<meta property=\"og:image\" content=\"https:\/\/aromaterapija.lt\/wp-content\/uploads\/2012\/01\/B1024E.jpg\" \/>\n\t<meta property=\"og:image:width\" content=\"1600\" \/>\n\t<meta property=\"og:image:height\" content=\"1600\" \/>\n\t<meta property=\"og:image:type\" content=\"image\/jpeg\" \/>\n<meta name=\"twitter:card\" content=\"summary_large_image\" \/>\n<meta name=\"twitter:label1\" content=\"Price\" \/>\n\t<meta name=\"twitter:data1\" content=\"27.00&nbsp;&euro;\" \/>\n\t<meta name=\"twitter:label2\" content=\"Availability\" \/>\n\t<meta name=\"twitter:data2\" content=\"In stock\" \/>\n<script type=\"application\/ld+json\" class=\"yoast-schema-graph\">{\"@context\":\"https:\/\/schema.org\",\"@graph\":[{\"@type\":\"WebPage\",\"@id\":\"https:\/\/aromaterapija.lt\/prod\/cinamonu-masazo-aliejus\/\",\"url\":\"https:\/\/aromaterapija.lt\/prod\/cinamonu-masazo-aliejus\/\",\"name\":\"Massage Oil Cinnamon\",\"isPartOf\":{\"@id\":\"https:\/\/aromaterapija.lt\/#website\"},\"primaryImageOfPage\":{\"@id\":\"https:\/\/aromaterapija.lt\/prod\/cinamonu-masazo-aliejus\/#primaryimage\"},\"image\":{\"@id\":\"https:\/\/aromaterapija.lt\/prod\/cinamonu-masazo-aliejus\/#primaryimage\"},\"thumbnailUrl\":\"https:\/\/aromaterapija.lt\/wp-content\/uploads\/2012\/01\/B1024E.jpg\",\"datePublished\":\"2012-01-01T21:00:00+00:00\",\"dateModified\":\"2023-12-21T11:25:56+00:00\",\"description\":\"Softens, regenerates and maintains the skin's natural moisture balance. Its useful use in preparation for sports and before heavy physical exertion. Ideal for the care of skin damaged by cellulite.\",\"breadcrumb\":{\"@id\":\"https:\/\/aromaterapija.lt\/prod\/cinamonu-masazo-aliejus\/#breadcrumb\"},\"inLanguage\":\"en-US\",\"potentialAction\":[{\"@type\":\"ReadAction\",\"target\":[\"https:\/\/aromaterapija.lt\/prod\/cinamonu-masazo-aliejus\/\"]}]},{\"@type\":\"ImageObject\",\"inLanguage\":\"en-US\",\"@id\":\"https:\/\/aromaterapija.lt\/prod\/cinamonu-masazo-aliejus\/#primaryimage\",\"url\":\"https:\/\/aromaterapija.lt\/wp-content\/uploads\/2012\/01\/B1024E.jpg\",\"contentUrl\":\"https:\/\/aromaterapija.lt\/wp-content\/uploads\/2012\/01\/B1024E.jpg\",\"width\":1600,\"height\":1600},{\"@type\":\"BreadcrumbList\",\"@id\":\"https:\/\/aromaterapija.lt\/prod\/cinamonu-masazo-aliejus\/#breadcrumb\",\"itemListElement\":[{\"@type\":\"ListItem\",\"position\":1,\"name\":\"Home\",\"item\":\"https:\/\/aromaterapija.lt\/\"},{\"@type\":\"ListItem\",\"position\":2,\"name\":\"Shop\",\"item\":\"https:\/\/aromaterapija.lt\/en\/shop\/\"},{\"@type\":\"ListItem\",\"position\":3,\"name\":\"Massage Oil Cinnamon\"}]},{\"@type\":\"WebSite\",\"@id\":\"https:\/\/aromaterapija.lt\/#website\",\"url\":\"https:\/\/aromaterapija.lt\/\",\"name\":\"Aromatum Cosmetic\",\"description\":\"Pajuskite gamtos malon\u0119\",\"publisher\":{\"@id\":\"https:\/\/aromaterapija.lt\/#organization\"},\"potentialAction\":[{\"@type\":\"SearchAction\",\"target\":{\"@type\":\"EntryPoint\",\"urlTemplate\":\"https:\/\/aromaterapija.lt\/?s={search_term_string}\"},\"query-input\":{\"@type\":\"PropertyValueSpecification\",\"valueRequired\":true,\"valueName\":\"search_term_string\"}}],\"inLanguage\":\"en-US\"},{\"@type\":\"Organization\",\"@id\":\"https:\/\/aromaterapija.lt\/#organization\",\"name\":\"UAB Aromatum Cosmetic\",\"url\":\"https:\/\/aromaterapija.lt\/\",\"logo\":{\"@type\":\"ImageObject\",\"inLanguage\":\"en-US\",\"@id\":\"https:\/\/aromaterapija.lt\/#\/schema\/logo\/image\/\",\"url\":\"https:\/\/aromaterapija.lt\/wp-content\/uploads\/2020\/03\/aroma3.png\",\"contentUrl\":\"https:\/\/aromaterapija.lt\/wp-content\/uploads\/2020\/03\/aroma3.png\",\"width\":364,\"height\":76,\"caption\":\"UAB Aromatum Cosmetic\"},\"image\":{\"@id\":\"https:\/\/aromaterapija.lt\/#\/schema\/logo\/image\/\"},\"sameAs\":[\"https:\/\/www.facebook.com\/aromatum\/\"]}]}<\/script>\n<meta property=\"product:price:amount\" content=\"27.00\" \/>\n<meta property=\"product:price:currency\" content=\"EUR\" \/>\n<meta property=\"og:availability\" content=\"instock\" \/>\n<meta property=\"product:availability\" content=\"instock\" \/>\n<meta property=\"product:retailer_item_id\" content=\"1402E\" \/>\n<meta property=\"product:condition\" content=\"new\" \/>\n<!-- \/ Yoast SEO Premium plugin. -->","yoast_head_json":{"title":"Massage Oil Cinnamon","description":"Softens, regenerates and maintains the skin's natural moisture balance. Its useful use in preparation for sports and before heavy physical exertion. Ideal for the care of skin damaged by cellulite.","robots":{"index":"index","follow":"follow","max-snippet":"max-snippet:-1","max-image-preview":"max-image-preview:large","max-video-preview":"max-video-preview:-1"},"canonical":"https:\/\/aromaterapija.lt\/prod\/cinamonu-masazo-aliejus\/","og_locale":"en_US","og_type":"article","og_title":"Massage Oil Cinnamon","og_description":"Softens, regenerates and maintains the skin's natural moisture balance. Its useful use in preparation for sports and before heavy physical exertion. Ideal for the care of skin damaged by cellulite.","og_url":"https:\/\/aromaterapija.lt\/prod\/cinamonu-masazo-aliejus\/","og_site_name":"Aromatum Cosmetic","article_publisher":"https:\/\/www.facebook.com\/aromatum\/","article_modified_time":"2023-12-21T11:25:56+00:00","og_image":[{"width":1600,"height":1600,"url":"https:\/\/aromaterapija.lt\/wp-content\/uploads\/2012\/01\/B1024E.jpg","type":"image\/jpeg"}],"twitter_card":"summary_large_image","twitter_misc":{"Price":"27.00&nbsp;&euro;","Availability":"In stock"},"schema":{"@context":"https:\/\/schema.org","@graph":[{"@type":"WebPage","@id":"https:\/\/aromaterapija.lt\/prod\/cinamonu-masazo-aliejus\/","url":"https:\/\/aromaterapija.lt\/prod\/cinamonu-masazo-aliejus\/","name":"Massage Oil Cinnamon","isPartOf":{"@id":"https:\/\/aromaterapija.lt\/#website"},"primaryImageOfPage":{"@id":"https:\/\/aromaterapija.lt\/prod\/cinamonu-masazo-aliejus\/#primaryimage"},"image":{"@id":"https:\/\/aromaterapija.lt\/prod\/cinamonu-masazo-aliejus\/#primaryimage"},"thumbnailUrl":"https:\/\/aromaterapija.lt\/wp-content\/uploads\/2012\/01\/B1024E.jpg","datePublished":"2012-01-01T21:00:00+00:00","dateModified":"2023-12-21T11:25:56+00:00","description":"Softens, regenerates and maintains the skin's natural moisture balance. Its useful use in preparation for sports and before heavy physical exertion. Ideal for the care of skin damaged by cellulite.","breadcrumb":{"@id":"https:\/\/aromaterapija.lt\/prod\/cinamonu-masazo-aliejus\/#breadcrumb"},"inLanguage":"en-US","potentialAction":[{"@type":"ReadAction","target":["https:\/\/aromaterapija.lt\/prod\/cinamonu-masazo-aliejus\/"]}]},{"@type":"ImageObject","inLanguage":"en-US","@id":"https:\/\/aromaterapija.lt\/prod\/cinamonu-masazo-aliejus\/#primaryimage","url":"https:\/\/aromaterapija.lt\/wp-content\/uploads\/2012\/01\/B1024E.jpg","contentUrl":"https:\/\/aromaterapija.lt\/wp-content\/uploads\/2012\/01\/B1024E.jpg","width":1600,"height":1600},{"@type":"BreadcrumbList","@id":"https:\/\/aromaterapija.lt\/prod\/cinamonu-masazo-aliejus\/#breadcrumb","itemListElement":[{"@type":"ListItem","position":1,"name":"Home","item":"https:\/\/aromaterapija.lt\/"},{"@type":"ListItem","position":2,"name":"Shop","item":"https:\/\/aromaterapija.lt\/en\/shop\/"},{"@type":"ListItem","position":3,"name":"Massage Oil Cinnamon"}]},{"@type":"WebSite","@id":"https:\/\/aromaterapija.lt\/#website","url":"https:\/\/aromaterapija.lt\/","name":"Aromatum Cosmetic","description":"Pajuskite gamtos malon\u0119","publisher":{"@id":"https:\/\/aromaterapija.lt\/#organization"},"potentialAction":[{"@type":"SearchAction","target":{"@type":"EntryPoint","urlTemplate":"https:\/\/aromaterapija.lt\/?s={search_term_string}"},"query-input":{"@type":"PropertyValueSpecification","valueRequired":true,"valueName":"search_term_string"}}],"inLanguage":"en-US"},{"@type":"Organization","@id":"https:\/\/aromaterapija.lt\/#organization","name":"UAB Aromatum Cosmetic","url":"https:\/\/aromaterapija.lt\/","logo":{"@type":"ImageObject","inLanguage":"en-US","@id":"https:\/\/aromaterapija.lt\/#\/schema\/logo\/image\/","url":"https:\/\/aromaterapija.lt\/wp-content\/uploads\/2020\/03\/aroma3.png","contentUrl":"https:\/\/aromaterapija.lt\/wp-content\/uploads\/2020\/03\/aroma3.png","width":364,"height":76,"caption":"UAB Aromatum Cosmetic"},"image":{"@id":"https:\/\/aromaterapija.lt\/#\/schema\/logo\/image\/"},"sameAs":["https:\/\/www.facebook.com\/aromatum\/"]}]},"product_price_amount":"27.00","product_price_currency":"EUR","og_availability":"instock","product_availability":"instock","product_retailer_item_id":"1402E","product_condition":"new"},"_links":{"self":[{"href":"https:\/\/aromaterapija.lt\/en\/wp-json\/wp\/v2\/product\/4447","targetHints":{"allow":["GET"]}}],"collection":[{"href":"https:\/\/aromaterapija.lt\/en\/wp-json\/wp\/v2\/product"}],"about":[{"href":"https:\/\/aromaterapija.lt\/en\/wp-json\/wp\/v2\/types\/product"}],"replies":[{"embeddable":true,"href":"https:\/\/aromaterapija.lt\/en\/wp-json\/wp\/v2\/comments?post=4447"}],"wp:featuredmedia":[{"embeddable":true,"href":"https:\/\/aromaterapija.lt\/en\/wp-json\/wp\/v2\/media\/31298"}],"wp:attachment":[{"href":"https:\/\/aromaterapija.lt\/en\/wp-json\/wp\/v2\/media?parent=4447"}],"wp:term":[{"taxonomy":"product_brand","embeddable":true,"href":"https:\/\/aromaterapija.lt\/en\/wp-json\/wp\/v2\/product_brand?post=4447"},{"taxonomy":"product_cat","embeddable":true,"href":"https:\/\/aromaterapija.lt\/en\/wp-json\/wp\/v2\/product_cat?post=4447"},{"taxonomy":"product_tag","embeddable":true,"href":"https:\/\/aromaterapija.lt\/en\/wp-json\/wp\/v2\/product_tag?post=4447"}],"curies":[{"name":"wp","href":"https:\/\/api.w.org\/{rel}","templated":true}]}}