{"id":4489,"date":"2012-01-02T00:00:00","date_gmt":"2012-01-01T21:00:00","guid":{"rendered":"https:\/\/aromaterapija.lt\/produktas\/intymios-higienos-prausiklis-moterims-intima\/"},"modified":"2026-02-08T13:10:30","modified_gmt":"2026-02-08T10:10:30","slug":"intima-intimate-washing-oil-for-women","status":"publish","type":"product","link":"https:\/\/aromaterapija.lt\/en\/prod\/intima-intimate-washing-oil-for-women\/","title":{"rendered":"INTIMA intimate washing oil for women"},"content":{"rendered":"<h4>Recommendation<\/h4>\n<p>Suitable for everyday treatment.<\/p>\n<h4>Effects<\/h4>\n<p>Regenerates, softens, smoothes and deodorizes.<\/p>\n<h4>Aroma<\/h4>\n<p>Soft, herbal.<\/p>\n<h4>Main active substances<\/h4>\n<p>Plant oils \u2013 soya bean, almond and jojoba, essential oils \u2013 lavender, thyme, lemon and clove, emulsifier, chlorophyll, vitamin E.<\/p>\n<h4>Ingredients<\/h4>\n<p>Glycine Soja Oil, C12-C15 Pareth-3, Citrus Limon Fruit Oil, Lavandula Angustifolia Oil, Citrus Aurantium Bergamia Fruit Oil, Eugenia Caryophyllus Flower Oil, Citrus Aurantium Dulcis Oil, Thymus Serpillum Oil, Melaleuca Alternifolia Leaf Oil, Thymus Vulgaris Flower\/Leaf Oil, Pinus Koraiensis Seed Oil, Picea Abies Leaf Oil, Prunus Amygdalus Dulcis Oil, Simmondsia Chinensis Seed Oil, Tocopheryl Acetate, Ci 75810, Tocopherol, Limonene*, Linalool*, Eugenol*&nbsp;(* a component of natural essential oils).<\/p>\n<p>Website EU: <a href=\"https:\/\/op.europa.eu\/en\/publication-detail\/-\/publication\/db30de80-11f8-4358-b1d6-e38d6cf96625\">https:\/\/op.europa.eu\/en\/publication-detail\/-\/publication\/db30de80-11f8-4358-b1d6-e38d6cf96625<\/a><\/p>\n<h4>Attention<\/h4>\n<p>The drug is intended for EXTERNAL USE only! Store in a safe, out of reach of children, in a dry place, away from heat sources, at a temperature of 6-25 \u00b0 C.&nbsp;Protect from direct sunlight.&nbsp;<strong>Shake well before use!<\/strong><\/p>\n<h4>Suitability for use<\/h4>\n<p>Produkto tinkamum\u0105 naudoti \u017ei\u016br\u0117ti ant pakuot\u0117s BAR kodo: Geriausias naudoti iki \u2026\u2026 (Product suitability for use, see BAR code on the package: Best used until \u2026\u2026..)<em><strong> (maximum use of the drug is possible up to &#8211; 9 months).<\/strong><\/em><\/p>\n<h4>Manufacturer<\/h4>\n<p>Cosmetics ATOK International s.r.o., 400 04 Trmice, Czech Republik.<\/p>\n","protected":false},"excerpt":{"rendered":"<p>The hydrophilic (soluble in water) oil regenerates, softens, smoothes and deodorizes, has a soothing effect, and is able to protect against bacteria and fungi.<\/p>\n","protected":false},"featured_media":33140,"comment_status":"open","ping_status":"closed","template":"","meta":{"_acf_changed":false},"product_brand":[],"product_cat":[2719],"product_tag":[],"class_list":{"0":"post-4489","1":"product","2":"type-product","3":"status-publish","4":"has-post-thumbnail","6":"product_cat-preparations-for-intimate-hygiene","7":"pa_talpa-150-ml-en","9":"first","10":"instock","11":"taxable","12":"shipping-taxable","13":"purchasable","14":"product-type-simple"},"acf":[],"yoast_head":"<!-- This site is optimized with the Yoast SEO Premium plugin v24.0 (Yoast SEO v24.0) - https:\/\/yoast.com\/wordpress\/plugins\/seo\/ -->\n<title>INTIMA intimate washing oil for women<\/title>\n<meta name=\"description\" content=\"The hydrophilic (soluble in water) oil regenerates, softens, smoothes and deodorizes, has a soothing effect, and is able to protect against bacteria and fungi.\" \/>\n<meta name=\"robots\" content=\"index, follow, max-snippet:-1, max-image-preview:large, max-video-preview:-1\" \/>\n<link rel=\"canonical\" href=\"https:\/\/aromaterapija.lt\/prod\/intymios-higienos-prausiklis-moterims-intima\/\" \/>\n<meta property=\"og:locale\" content=\"en_US\" \/>\n<meta property=\"og:type\" content=\"article\" \/>\n<meta property=\"og:title\" content=\"INTIMA intimate washing oil for women\" \/>\n<meta property=\"og:description\" content=\"The hydrophilic (soluble in water) oil regenerates, softens, smoothes and deodorizes, has a soothing effect, and is able to protect against bacteria and fungi.\" \/>\n<meta property=\"og:url\" content=\"https:\/\/aromaterapija.lt\/prod\/intymios-higienos-prausiklis-moterims-intima\/\" \/>\n<meta property=\"og:site_name\" content=\"Aromatum Cosmetic\" \/>\n<meta property=\"article:publisher\" content=\"https:\/\/www.facebook.com\/aromatum\/\" \/>\n<meta property=\"article:modified_time\" content=\"2026-02-08T10:10:30+00:00\" \/>\n<meta property=\"og:image\" content=\"https:\/\/aromaterapija.lt\/wp-content\/uploads\/2012\/01\/B1040F-1.jpg\" \/>\n\t<meta property=\"og:image:width\" content=\"1600\" \/>\n\t<meta property=\"og:image:height\" content=\"1600\" \/>\n\t<meta property=\"og:image:type\" content=\"image\/jpeg\" \/>\n<meta name=\"twitter:card\" content=\"summary_large_image\" \/>\n<meta name=\"twitter:label1\" content=\"Price\" \/>\n\t<meta name=\"twitter:data1\" content=\"21.00&nbsp;&euro;\" \/>\n\t<meta name=\"twitter:label2\" content=\"Availability\" \/>\n\t<meta name=\"twitter:data2\" content=\"In stock\" \/>\n<script type=\"application\/ld+json\" class=\"yoast-schema-graph\">{\"@context\":\"https:\/\/schema.org\",\"@graph\":[{\"@type\":\"WebPage\",\"@id\":\"https:\/\/aromaterapija.lt\/prod\/intymios-higienos-prausiklis-moterims-intima\/\",\"url\":\"https:\/\/aromaterapija.lt\/prod\/intymios-higienos-prausiklis-moterims-intima\/\",\"name\":\"INTIMA intimate washing oil for women\",\"isPartOf\":{\"@id\":\"https:\/\/aromaterapija.lt\/#website\"},\"primaryImageOfPage\":{\"@id\":\"https:\/\/aromaterapija.lt\/prod\/intymios-higienos-prausiklis-moterims-intima\/#primaryimage\"},\"image\":{\"@id\":\"https:\/\/aromaterapija.lt\/prod\/intymios-higienos-prausiklis-moterims-intima\/#primaryimage\"},\"thumbnailUrl\":\"https:\/\/aromaterapija.lt\/wp-content\/uploads\/2012\/01\/B1040F-1.jpg\",\"datePublished\":\"2012-01-01T21:00:00+00:00\",\"dateModified\":\"2026-02-08T10:10:30+00:00\",\"description\":\"The hydrophilic (soluble in water) oil regenerates, softens, smoothes and deodorizes, has a soothing effect, and is able to protect against bacteria and fungi.\",\"breadcrumb\":{\"@id\":\"https:\/\/aromaterapija.lt\/prod\/intymios-higienos-prausiklis-moterims-intima\/#breadcrumb\"},\"inLanguage\":\"en-US\",\"potentialAction\":[{\"@type\":\"ReadAction\",\"target\":[\"https:\/\/aromaterapija.lt\/prod\/intymios-higienos-prausiklis-moterims-intima\/\"]}]},{\"@type\":\"ImageObject\",\"inLanguage\":\"en-US\",\"@id\":\"https:\/\/aromaterapija.lt\/prod\/intymios-higienos-prausiklis-moterims-intima\/#primaryimage\",\"url\":\"https:\/\/aromaterapija.lt\/wp-content\/uploads\/2012\/01\/B1040F-1.jpg\",\"contentUrl\":\"https:\/\/aromaterapija.lt\/wp-content\/uploads\/2012\/01\/B1040F-1.jpg\",\"width\":1600,\"height\":1600},{\"@type\":\"BreadcrumbList\",\"@id\":\"https:\/\/aromaterapija.lt\/prod\/intymios-higienos-prausiklis-moterims-intima\/#breadcrumb\",\"itemListElement\":[{\"@type\":\"ListItem\",\"position\":1,\"name\":\"Home\",\"item\":\"https:\/\/aromaterapija.lt\/\"},{\"@type\":\"ListItem\",\"position\":2,\"name\":\"Shop\",\"item\":\"https:\/\/aromaterapija.lt\/en\/shop\/\"},{\"@type\":\"ListItem\",\"position\":3,\"name\":\"INTIMA intimate washing oil for women\"}]},{\"@type\":\"WebSite\",\"@id\":\"https:\/\/aromaterapija.lt\/#website\",\"url\":\"https:\/\/aromaterapija.lt\/\",\"name\":\"Aromatum Cosmetic\",\"description\":\"Pajuskite gamtos malon\u0119\",\"publisher\":{\"@id\":\"https:\/\/aromaterapija.lt\/#organization\"},\"potentialAction\":[{\"@type\":\"SearchAction\",\"target\":{\"@type\":\"EntryPoint\",\"urlTemplate\":\"https:\/\/aromaterapija.lt\/?s={search_term_string}\"},\"query-input\":{\"@type\":\"PropertyValueSpecification\",\"valueRequired\":true,\"valueName\":\"search_term_string\"}}],\"inLanguage\":\"en-US\"},{\"@type\":\"Organization\",\"@id\":\"https:\/\/aromaterapija.lt\/#organization\",\"name\":\"UAB Aromatum Cosmetic\",\"url\":\"https:\/\/aromaterapija.lt\/\",\"logo\":{\"@type\":\"ImageObject\",\"inLanguage\":\"en-US\",\"@id\":\"https:\/\/aromaterapija.lt\/#\/schema\/logo\/image\/\",\"url\":\"https:\/\/aromaterapija.lt\/wp-content\/uploads\/2020\/03\/aroma3.png\",\"contentUrl\":\"https:\/\/aromaterapija.lt\/wp-content\/uploads\/2020\/03\/aroma3.png\",\"width\":364,\"height\":76,\"caption\":\"UAB Aromatum Cosmetic\"},\"image\":{\"@id\":\"https:\/\/aromaterapija.lt\/#\/schema\/logo\/image\/\"},\"sameAs\":[\"https:\/\/www.facebook.com\/aromatum\/\"]}]}<\/script>\n<meta property=\"product:price:amount\" content=\"21.00\" \/>\n<meta property=\"product:price:currency\" content=\"EUR\" \/>\n<meta property=\"og:availability\" content=\"instock\" \/>\n<meta property=\"product:availability\" content=\"instock\" \/>\n<meta property=\"product:retailer_item_id\" content=\"0302F\" \/>\n<meta property=\"product:condition\" content=\"new\" \/>\n<!-- \/ Yoast SEO Premium plugin. -->","yoast_head_json":{"title":"INTIMA intimate washing oil for women","description":"The hydrophilic (soluble in water) oil regenerates, softens, smoothes and deodorizes, has a soothing effect, and is able to protect against bacteria and fungi.","robots":{"index":"index","follow":"follow","max-snippet":"max-snippet:-1","max-image-preview":"max-image-preview:large","max-video-preview":"max-video-preview:-1"},"canonical":"https:\/\/aromaterapija.lt\/prod\/intymios-higienos-prausiklis-moterims-intima\/","og_locale":"en_US","og_type":"article","og_title":"INTIMA intimate washing oil for women","og_description":"The hydrophilic (soluble in water) oil regenerates, softens, smoothes and deodorizes, has a soothing effect, and is able to protect against bacteria and fungi.","og_url":"https:\/\/aromaterapija.lt\/prod\/intymios-higienos-prausiklis-moterims-intima\/","og_site_name":"Aromatum Cosmetic","article_publisher":"https:\/\/www.facebook.com\/aromatum\/","article_modified_time":"2026-02-08T10:10:30+00:00","og_image":[{"width":1600,"height":1600,"url":"https:\/\/aromaterapija.lt\/wp-content\/uploads\/2012\/01\/B1040F-1.jpg","type":"image\/jpeg"}],"twitter_card":"summary_large_image","twitter_misc":{"Price":"21.00&nbsp;&euro;","Availability":"In stock"},"schema":{"@context":"https:\/\/schema.org","@graph":[{"@type":"WebPage","@id":"https:\/\/aromaterapija.lt\/prod\/intymios-higienos-prausiklis-moterims-intima\/","url":"https:\/\/aromaterapija.lt\/prod\/intymios-higienos-prausiklis-moterims-intima\/","name":"INTIMA intimate washing oil for women","isPartOf":{"@id":"https:\/\/aromaterapija.lt\/#website"},"primaryImageOfPage":{"@id":"https:\/\/aromaterapija.lt\/prod\/intymios-higienos-prausiklis-moterims-intima\/#primaryimage"},"image":{"@id":"https:\/\/aromaterapija.lt\/prod\/intymios-higienos-prausiklis-moterims-intima\/#primaryimage"},"thumbnailUrl":"https:\/\/aromaterapija.lt\/wp-content\/uploads\/2012\/01\/B1040F-1.jpg","datePublished":"2012-01-01T21:00:00+00:00","dateModified":"2026-02-08T10:10:30+00:00","description":"The hydrophilic (soluble in water) oil regenerates, softens, smoothes and deodorizes, has a soothing effect, and is able to protect against bacteria and fungi.","breadcrumb":{"@id":"https:\/\/aromaterapija.lt\/prod\/intymios-higienos-prausiklis-moterims-intima\/#breadcrumb"},"inLanguage":"en-US","potentialAction":[{"@type":"ReadAction","target":["https:\/\/aromaterapija.lt\/prod\/intymios-higienos-prausiklis-moterims-intima\/"]}]},{"@type":"ImageObject","inLanguage":"en-US","@id":"https:\/\/aromaterapija.lt\/prod\/intymios-higienos-prausiklis-moterims-intima\/#primaryimage","url":"https:\/\/aromaterapija.lt\/wp-content\/uploads\/2012\/01\/B1040F-1.jpg","contentUrl":"https:\/\/aromaterapija.lt\/wp-content\/uploads\/2012\/01\/B1040F-1.jpg","width":1600,"height":1600},{"@type":"BreadcrumbList","@id":"https:\/\/aromaterapija.lt\/prod\/intymios-higienos-prausiklis-moterims-intima\/#breadcrumb","itemListElement":[{"@type":"ListItem","position":1,"name":"Home","item":"https:\/\/aromaterapija.lt\/"},{"@type":"ListItem","position":2,"name":"Shop","item":"https:\/\/aromaterapija.lt\/en\/shop\/"},{"@type":"ListItem","position":3,"name":"INTIMA intimate washing oil for women"}]},{"@type":"WebSite","@id":"https:\/\/aromaterapija.lt\/#website","url":"https:\/\/aromaterapija.lt\/","name":"Aromatum Cosmetic","description":"Pajuskite gamtos malon\u0119","publisher":{"@id":"https:\/\/aromaterapija.lt\/#organization"},"potentialAction":[{"@type":"SearchAction","target":{"@type":"EntryPoint","urlTemplate":"https:\/\/aromaterapija.lt\/?s={search_term_string}"},"query-input":{"@type":"PropertyValueSpecification","valueRequired":true,"valueName":"search_term_string"}}],"inLanguage":"en-US"},{"@type":"Organization","@id":"https:\/\/aromaterapija.lt\/#organization","name":"UAB Aromatum Cosmetic","url":"https:\/\/aromaterapija.lt\/","logo":{"@type":"ImageObject","inLanguage":"en-US","@id":"https:\/\/aromaterapija.lt\/#\/schema\/logo\/image\/","url":"https:\/\/aromaterapija.lt\/wp-content\/uploads\/2020\/03\/aroma3.png","contentUrl":"https:\/\/aromaterapija.lt\/wp-content\/uploads\/2020\/03\/aroma3.png","width":364,"height":76,"caption":"UAB Aromatum Cosmetic"},"image":{"@id":"https:\/\/aromaterapija.lt\/#\/schema\/logo\/image\/"},"sameAs":["https:\/\/www.facebook.com\/aromatum\/"]}]},"product_price_amount":"21.00","product_price_currency":"EUR","og_availability":"instock","product_availability":"instock","product_retailer_item_id":"0302F","product_condition":"new"},"_links":{"self":[{"href":"https:\/\/aromaterapija.lt\/en\/wp-json\/wp\/v2\/product\/4489","targetHints":{"allow":["GET"]}}],"collection":[{"href":"https:\/\/aromaterapija.lt\/en\/wp-json\/wp\/v2\/product"}],"about":[{"href":"https:\/\/aromaterapija.lt\/en\/wp-json\/wp\/v2\/types\/product"}],"replies":[{"embeddable":true,"href":"https:\/\/aromaterapija.lt\/en\/wp-json\/wp\/v2\/comments?post=4489"}],"wp:featuredmedia":[{"embeddable":true,"href":"https:\/\/aromaterapija.lt\/en\/wp-json\/wp\/v2\/media\/33140"}],"wp:attachment":[{"href":"https:\/\/aromaterapija.lt\/en\/wp-json\/wp\/v2\/media?parent=4489"}],"wp:term":[{"taxonomy":"product_brand","embeddable":true,"href":"https:\/\/aromaterapija.lt\/en\/wp-json\/wp\/v2\/product_brand?post=4489"},{"taxonomy":"product_cat","embeddable":true,"href":"https:\/\/aromaterapija.lt\/en\/wp-json\/wp\/v2\/product_cat?post=4489"},{"taxonomy":"product_tag","embeddable":true,"href":"https:\/\/aromaterapija.lt\/en\/wp-json\/wp\/v2\/product_tag?post=4489"}],"curies":[{"name":"wp","href":"https:\/\/api.w.org\/{rel}","templated":true}]}}